{"id":9758,"date":"2025-09-16T07:14:22","date_gmt":"2025-09-16T07:14:22","guid":{"rendered":"https:\/\/compassclinic.es\/politica-de-cookies\/"},"modified":"2025-09-16T07:15:52","modified_gmt":"2025-09-16T07:15:52","slug":"cookie-richtlinie","status":"publish","type":"page","link":"https:\/\/compassclinic.es\/de\/cookie-richtlinie\/","title":{"rendered":"Cookie-Richtlinie"},"content":{"rendered":"<style>\/*! elementor - v3.15.0 - 31-07-2023 *\/<br \/>\n.elementor-heading-title{padding:0;margin:0;line-height:1}.elementor-widget-heading .elementor-heading-title[class*=elementor-size-]>a{color:inherit;font-size:inherit;line-height:inherit}.elementor-widget-heading .elementor-heading-title.elementor-size-small{font-size:15px}.elementor-widget-heading .elementor-heading-title.elementor-size-medium{font-size:19px}.elementor-widget-heading .elementor-heading-title.elementor-size-large{font-size:29px}.eleme<span data-mce-type=\"bookmark\" style=\"display: inline-block; width: 0px; overflow: hidden; line-height: 0;\" class=\"mce_SELRES_start\">\ufeff<\/span>ntor-widget-heading .elementor-heading-title.elementor-size-xl{font-size:39px}.elementor-widget-heading .elementor-heading-title.elementor-size-xxl{font-size:59px}<\/style>\n<h1>Cookies policy<\/h1>\n<p>El equipo de <strong>Compass Clinic, S.L.<\/strong>, le quiere recordar que con el uso y navegaci\u00f3n de esta web usted ha adquirido la <strong>condici\u00f3n de usuario<\/strong> y por tanto, avisamos que si prosigue su navegaci\u00f3n por este sitio web sin haber configurado los navegadores para impedir la instalaci\u00f3n de las cookies, <strong>estar\u00e1 prestando su consentimiento para el empleo de las cookies<\/strong>, en aplicaci\u00f3n de t\u00e9rminos incluidos en el art\u00edculo 22.2 de la Ley 34\/2002 de Servicios de la Sociedad de la Informaci\u00f3n y Comercio Electr\u00f3nico.<\/p>\n<h2>\u00bfQU\u00c9 SON LAS COOKIES?<\/h2>\n<p>Una cookie es un archivo que se descarga en el ordenador o dispositivo del usuario al acceder a una p\u00e1gina web con el objeto de permitir almacenar y recuperar informaci\u00f3n sobre los h\u00e1bitos de navegaci\u00f3n del usuario o de su equipo.<\/p>\n<p>Las cookies, no s\u00f3lo van en beneficio de las empresas, sino que tambi\u00e9n permiten establecer niveles de protecci\u00f3n y seguridad, recopilar datos estad\u00edsticos y normalmente an\u00f3nimos; as\u00ed como realizar publicidad adaptadas a los intereses de los usuarios.<\/p>\n<h2>TIPOS DE COOKIES<\/h2>\n<p>Las cookies pueden clasificarse en atenci\u00f3n a distintos funcionamientos y par\u00e1metros, algunas de las clasificaciones m\u00e1s usuales son estas:<\/p>\n<h3>Cookies exentas<\/h3>\n<p>Son las cookies sobre las que legalmente <strong>no es necesario informar u obtener el consentimiento para su uso<\/strong>. Se trata de cookies que permiten la comunicaci\u00f3n entre el equipo del usuario y la red, as\u00ed como las que estrictamente prestan un servicio expresamente solicitado por el usuario.<\/p>\n<h3>En atenci\u00f3n a su finalidad:<\/h3>\n<ul>\n<li><strong>Anal\u00edticas:<\/strong> recogen informaci\u00f3n del uso que se realiza del sitio web.<\/li>\n<li><strong>Sociales:<\/strong> son aquellas necesarias para redes sociales externas.<\/li>\n<li><strong>Afiliados:<\/strong> permiten hacer un seguimiento de las visitas procedentes de otras webs con las que el sitio web establece un contrato de afiliaci\u00f3n.<\/li>\n<li><strong>Publicidad y comportamentales:<\/strong> recogen informaci\u00f3n sobre las preferencias y elecciones personales del usuario.<\/li>\n<li><strong>T\u00e9cnicas y funcionales:<\/strong> son las estrictamente necesarias para el uso del sitio web y para la prestaci\u00f3n del servicio contratado.<\/li>\n<\/ul>\n<h3>Por su gesti\u00f3n:<\/h3>\n<ul>\n<li><strong>Cookies propias:<\/strong> Son aqu\u00e9llas que se env\u00edan al equipo terminal del usuario desde un equipo o dominio gestionado por el propio editor y desde el que se presta el servicio solicitado por el usuario.<\/li>\n<li><strong>Cookies de tercero:<\/strong> Son aqu\u00e9llas que se env\u00edan al equipo terminal del usuario desde un equipo o dominio que no es gestionado por el editor, sino por otra entidad que trata los datos obtenidos trav\u00e9s de las cookies.<\/li>\n<\/ul>\n<h3>\u00bfQu\u00e9 cookies utilizamos?<\/h3>\n<p>En <strong>Compass Clinic (compassclinic.es)<\/strong> utilizamos \u00fanicamente cookies de an\u00e1lisis, t\u00e9cnicas y de personalizaci\u00f3n, que nos permiten la anal\u00edtica sistem\u00e1tica de nuestra web y flujos de entrada de manera an\u00f3nima, as\u00ed como la mejora de la experiencia del usuario en nuestra web. Usamos cookies propias y cookies de terceros.<\/p>\n<p>Las cookies con las que cuenta <strong>esta web<\/strong> son las siguientes:<\/p>\n<table border=\"1\" cellspacing=\"0\" cellpadding=\"10\">\n<thead>\n<tr>\n<td>Cookie<\/td>\n<td>Receptor<\/td>\n<td>Categor\u00eda<\/td>\n<td>Finalidad<\/td>\n<td>Informaci\u00f3n adicional<\/td>\n<td>Duraci\u00f3n<\/td>\n<\/tr>\n<\/thead>\n<tbody>\n<tr>\n<td>PHPSESSID<\/td>\n<td>Compass Clinic<\/td>\n<td>Necesarias<\/td>\n<td>Conserva los estados de los usuarios en todas las peticiones de la p\u00e1gina<\/td>\n<td><\/td>\n<td>Sesi\u00f3n<\/td>\n<\/tr>\n<tr>\n<td>pll_language<\/td>\n<td>Compass Clinic<\/td>\n<td>Necesarias<\/td>\n<td>Utilizada para almacenar el idioma actual en el sitio web<\/td>\n<td><\/td>\n<td>1 a\u00f1o<\/td>\n<\/tr>\n<tr>\n<td>wordpress_[hash]<\/td>\n<td>Compass Clinic<\/td>\n<td>Necesarias<\/td>\n<td>Almacenar detalles de autentificaci\u00f3n<\/td>\n<td><\/td>\n<td>Persistente<\/td>\n<\/tr>\n<tr>\n<td>wordpress_logged_in_[hash]<\/td>\n<td>Compass Clinic<\/td>\n<td>Necesarias<\/td>\n<td>Indica cu\u00e1ndo has iniciado sesi\u00f3n y qui\u00e9n eres<\/td>\n<td><\/td>\n<td>Persistente<\/td>\n<\/tr>\n<tr>\n<td>wp-settings-{time}-[UID]<\/td>\n<td>Compass Clinic<\/td>\n<td>Necesarias<\/td>\n<td>Almacena configuraciones personales del dashboard y de la interfaz del admin<\/td>\n<td><\/td>\n<td>Persistente<\/td>\n<\/tr>\n<tr>\n<td>woocommerce_cart_hash<\/td>\n<td>Compass Clinic<\/td>\n<td>Necesarias<\/td>\n<td>Contiene informaci\u00f3n del carrito del usuario<\/td>\n<td><\/td>\n<td>Sesi\u00f3n<\/td>\n<\/tr>\n<tr>\n<td>woocommerce_items_in_cart<\/td>\n<td>Compass Clinic<\/td>\n<td>Necesarias<\/td>\n<td>Contiene informaci\u00f3n del carrito del usuario<\/td>\n<td><\/td>\n<td>Sesi\u00f3n<\/td>\n<\/tr>\n<tr>\n<td>wp_woocommerce_session<\/td>\n<td>Compass Clinic<\/td>\n<td>Necesarias<\/td>\n<td>Contiene un c\u00f3digo \u00fanico para cada cliente para gestionar los datos de compra<\/td>\n<td><\/td>\n<td>2 d\u00edas<\/td>\n<\/tr>\n<tr>\n<td>comment_author_[hash]<\/td>\n<td>Compass Clinic<\/td>\n<td>Necesarias<\/td>\n<td>Almacena el nombre del usuario que realiza el comentario.<\/td>\n<td><\/td>\n<td>1 a\u00f1o<\/td>\n<\/tr>\n<tr>\n<td>comment_author_email_[hash]<\/td>\n<td>Compass Clinic<\/td>\n<td>Necesarias<\/td>\n<td>Almacena el email del usuario que realiza el comentario.<\/td>\n<td><\/td>\n<td>1 a\u00f1o<\/td>\n<\/tr>\n<tr>\n<td>comment_author_url_[hash]<\/td>\n<td>Compass Clinic<\/td>\n<td>Necesarias<\/td>\n<td>Almacena la url del usuario que realiza el comentario.<\/td>\n<td><\/td>\n<td>1 a\u00f1o<\/td>\n<\/tr>\n<tr>\n<td>cli_user_preference<\/td>\n<td>Compass Clinic<\/td>\n<td>Necesarias<\/td>\n<td>Almacena el estado de consentimiento de cookies del usuario<\/td>\n<td><\/td>\n<td>1 a\u00f1o<\/td>\n<\/tr>\n<tr>\n<td>CookieLawInfoConsent<\/td>\n<td>Compass Clinic<\/td>\n<td>Necesarias<\/td>\n<td>Almacena el estado de consentimiento de cookies del usuario<\/td>\n<td><\/td>\n<td>1 a\u00f1o<\/td>\n<\/tr>\n<tr>\n<td>cookielawinfo-checkbox-necesarias<\/td>\n<td>Compass Clinic<\/td>\n<td>Necesarias<\/td>\n<td>Almacena el consentimiento del usuario para las cookies de la categor\u00eda necesarias<\/td>\n<td><\/td>\n<td>1 a\u00f1o<\/td>\n<\/tr>\n<tr>\n<td>cookielawinfo-checkbox-analiticas<\/td>\n<td>Compass Clinic<\/td>\n<td>Necesarias<\/td>\n<td>Almacena el consentimiento del usuario para las cookies de la categor\u00eda anal\u00edticas<\/td>\n<td><\/td>\n<td>1 a\u00f1o<\/td>\n<\/tr>\n<tr>\n<td>cookielawinfo-checkbox-publicitarias<\/td>\n<td>Compass Clinic<\/td>\n<td>Necesarias<\/td>\n<td>Almacena el consentimiento del usuario para las cookies de la categor\u00eda publicitarias<\/td>\n<td><\/td>\n<td>1 a\u00f1o<\/td>\n<\/tr>\n<tr>\n<td>elementor<\/td>\n<td>Compass Clinic<\/td>\n<td>Necesarias<\/td>\n<td>Permite al propietario del sitio web implementar o cambiar el contenido del sitio web en tiempo real<\/td>\n<td><\/td>\n<td>Persistente<\/td>\n<\/tr>\n<tr>\n<td>1P_JAR<\/td>\n<td>Google<\/td>\n<td>Anal\u00edticas<\/td>\n<td>An\u00e1lisis y mejora de publicidad<\/td>\n<td><a title=\"Cookies Google\" href=\"https:\/\/developers.google.com\/analytics\/devguides\/collection\/analyticsjs\/cookie-usage\" target=\"_blank\" rel=\"noopener\">Google<\/a><\/td>\n<td>Persistente<\/td>\n<\/tr>\n<tr>\n<td>NID, IDE<\/td>\n<td>Google<\/td>\n<td>Anal\u00edticas<\/td>\n<td>Permite visualizar mapas por medio de Google Maps. Registra ID<\/td>\n<td><a title=\"Cookies Google\" href=\"https:\/\/developers.google.com\/analytics\/devguides\/collection\/analyticsjs\/cookie-usage\" target=\"_blank\" rel=\"noopener\">Google<\/a><\/td>\n<td>6 meses<\/td>\n<\/tr>\n<tr>\n<td>CONSENT<\/td>\n<td>Google<\/td>\n<td>Anal\u00edticas<\/td>\n<td>Identificaci\u00f3n de usuarios<\/td>\n<td><a title=\"Cookies Google\" href=\"https:\/\/developers.google.com\/analytics\/devguides\/collection\/analyticsjs\/cookie-usage\" target=\"_blank\" rel=\"noopener\">Google<\/a><\/td>\n<td>Persistente<\/td>\n<\/tr>\n<tr>\n<td>DV<\/td>\n<td>Google<\/td>\n<td>Anal\u00edticas<\/td>\n<td>An\u00e1lisis y mejora de la publicidad<\/td>\n<td><a title=\"Cookies Google\" href=\"https:\/\/developers.google.com\/analytics\/devguides\/collection\/analyticsjs\/cookie-usage\" target=\"_blank\" rel=\"noopener\">Google<\/a><\/td>\n<td>Persistente<\/td>\n<\/tr>\n<tr>\n<td>_Secure-3PAPIDSIDE, _Secure-3PSIDE, _Secure-3APISIDI, _Secure-HSID, _Secure-SSIDI<\/td>\n<td>Google<\/td>\n<td>Publicitarias<\/td>\n<td>Adaptaci\u00f3n de los anuncios para relevancia e inter\u00e9s<\/td>\n<td><a title=\"Cookies Google\" href=\"https:\/\/developers.google.com\/analytics\/devguides\/collection\/analyticsjs\/cookie-usage\" target=\"_blank\" rel=\"noopener\">Google<\/a><\/td>\n<td>2 a\u00f1os<\/td>\n<\/tr>\n<tr>\n<td>SIDCC<\/td>\n<td>Google<\/td>\n<td>Anal\u00edticas<\/td>\n<td>Provee servicios y extrae informaci\u00f3n an\u00f3nima sobre la navegaci\u00f3n<\/td>\n<td><a title=\"Cookies Google\" href=\"https:\/\/developers.google.com\/analytics\/devguides\/collection\/analyticsjs\/cookie-usage\" target=\"_blank\" rel=\"noopener\">Google<\/a><\/td>\n<td>3 meses<\/td>\n<\/tr>\n<tr>\n<td>SSID<\/td>\n<td>Google<\/td>\n<td>Publicitarias<\/td>\n<td>Mide el rendimiento de los anuncios y proporciona recomendaciones<\/td>\n<td><a title=\"Cookies Google\" href=\"https:\/\/developers.google.com\/analytics\/devguides\/collection\/analyticsjs\/cookie-usage\" target=\"_blank\" rel=\"noopener\">Google<\/a><\/td>\n<td>3 meses<\/td>\n<\/tr>\n<tr>\n<td>SID<\/td>\n<td>Google<\/td>\n<td>Anal\u00edticas<\/td>\n<td>Recoge informaci\u00f3n para el buscador de google<\/td>\n<td><a title=\"Cookies Google\" href=\"https:\/\/developers.google.com\/analytics\/devguides\/collection\/analyticsjs\/cookie-usage\" target=\"_blank\" rel=\"noopener\">Google<\/a><\/td>\n<td>Sesi\u00f3n<\/td>\n<\/tr>\n<tr>\n<td>HSID<\/td>\n<td>Google<\/td>\n<td>Publicitarias<\/td>\n<td>Mide el rendimiento de los anuncios y proporciona recomendaciones<\/td>\n<td><a title=\"Cookies Google\" href=\"https:\/\/developers.google.com\/analytics\/devguides\/collection\/analyticsjs\/cookie-usage\" target=\"_blank\" rel=\"noopener\">Google<\/a><\/td>\n<td>Persistente<\/td>\n<\/tr>\n<tr>\n<td>ANID<\/td>\n<td>Google<\/td>\n<td>Publicitarias<\/td>\n<td>Mide el rendimiento de los anuncios y proporciona recomendaciones<\/td>\n<td><a title=\"Cookies Google\" href=\"https:\/\/developers.google.com\/analytics\/devguides\/collection\/analyticsjs\/cookie-usage\" target=\"_blank\" rel=\"noopener\">Google<\/a><\/td>\n<td>Persistente<\/td>\n<\/tr>\n<tr>\n<td>SAPISID, APISID<\/td>\n<td>Google<\/td>\n<td>Publicitarias<\/td>\n<td>Mide el rendimiento de los anuncios y proporciona recomendaciones<\/td>\n<td><a title=\"Cookies Google\" href=\"https:\/\/developers.google.com\/analytics\/devguides\/collection\/analyticsjs\/cookie-usage\" target=\"_blank\" rel=\"noopener\">Google<\/a><\/td>\n<td>Persistente<\/td>\n<\/tr>\n<tr>\n<td>SEARCH_SAMESITE<\/td>\n<td>Google<\/td>\n<td>Anal\u00edticas<\/td>\n<td>Correcto env\u00edo de datos<\/td>\n<td><a title=\"Cookies Google\" href=\"https:\/\/developers.google.com\/analytics\/devguides\/collection\/analyticsjs\/cookie-usage\" target=\"_blank\" rel=\"noopener\">Google<\/a><\/td>\n<td>6 meses<\/td>\n<\/tr>\n<tr>\n<td>OGP, OGPC<\/td>\n<td>Google<\/td>\n<td>Actuaciones<\/td>\n<td>Sirve para almacenar las preferencias y la informaci\u00f3n del usuario cuando visualiza p\u00e1ginas con mapas de Google<\/td>\n<td><a title=\"Cookies Google\" href=\"https:\/\/developers.google.com\/analytics\/devguides\/collection\/analyticsjs\/cookie-usage\" target=\"_blank\" rel=\"noopener\">Google<\/a><\/td>\n<td>1 d\u00eda<\/td>\n<\/tr>\n<tr>\n<td>OTZ<\/td>\n<td>Google<\/td>\n<td>Publicitarias<\/td>\n<td>Utilizada para personalizar los anuncio que se muestran en los servicios de Google<\/td>\n<td><a title=\"Cookies Google\" href=\"https:\/\/developers.google.com\/analytics\/devguides\/collection\/analyticsjs\/cookie-usage\" target=\"_blank\" rel=\"noopener\">Google<\/a><\/td>\n<td>1 mes<\/td>\n<\/tr>\n<tr>\n<td>UULE<\/td>\n<td>Google<\/td>\n<td>Actuaciones<\/td>\n<td>Habilita el geolocalizados de Google Map<\/td>\n<td><a title=\"Cookies Google\" href=\"https:\/\/developers.google.com\/analytics\/devguides\/collection\/analyticsjs\/cookie-usage\" target=\"_blank\" rel=\"noopener\">Google<\/a><\/td>\n<td>1 d\u00eda<\/td>\n<\/tr>\n<tr>\n<td>_fbc, _fbp<\/td>\n<td>Facebook<\/td>\n<td>Publicitarias<\/td>\n<td>An\u00e1lisis y mejora de la publicidad en Facebook<\/td>\n<td><a title=\"Cookies Facebook\" href=\"https:\/\/es-es.facebook.com\/policies\/cookies\/\" target=\"_blank\" rel=\"noopener\">Facebook<\/a><\/td>\n<td>12 meses<\/td>\n<\/tr>\n<\/tbody>\n<\/table>\n<h3>Cookies de An\u00e1lisis:<\/h3>\n<p>La mayor\u00eda de las cookies de an\u00e1lisis son propiedad de Google Analytics y Google Adwords, nos permiten analizar y adaptar la web a los comportamientos derivados del tr\u00e1fico, con datos estad\u00edsticos absolutamente abstractos para <strong>Compass Clinic<\/strong>.<\/p>\n<p>Si desean m\u00e1s informaci\u00f3n sobre la pol\u00edtica de cookies, pueden hacerlo en el siguiente enlace: https:\/\/policies.google.com\/privacy?hl=en.<\/p>\n<h2>DESACTIVACI\u00d3N DE COOKIES<\/h2>\n<p>Las cookies pueden ser deshabilitadas, borradas y desactivadas, seg\u00fan el navegador utilizados, a continuaci\u00f3n, pueden consultar las instrucciones para los principales navegadores.<\/p>\n<ul>\n<li><a title=\"Borrar, habilitar y administrar cookies en Chrome\" href=\"https:\/\/support.google.com\/chrome\/answer\/95647?hl=es\" target=\"_blank\" rel=\"noopener\">Google Chrome<\/a><\/li>\n<li><a title=\"Habilitar y deshabilitar cookies que los sitios web utilizan para rastrear tus preferencias\" href=\"https:\/\/support.mozilla.org\/es\/kb\/habilitar-y-deshabilitar-cookies-sitios-web-rastrear-preferencias?redirectlocale=es&amp;redirectslug=habilitar-y-deshabilitar-cookies-que-los-sitios-we\" target=\"_blank\" rel=\"noopener\">Mozilla Firefox<\/a><\/li>\n<li><a title=\"Eliminar y administrar cookies\" href=\"https:\/\/support.microsoft.com\/es-es\/help\/17442\/windows-internet-explorer-delete-manage-cookies#ie=ie-11\" target=\"_blank\" rel=\"noopener\">Microsoft Internet Explorer<\/a><\/li>\n<li><a title=\"Borrar el historial y las cookies de Safari en el iPhone, iPad o iPod touch\" href=\"https:\/\/support.apple.com\/es-es\/HT201265\" target=\"_blank\" rel=\"noopener\">Apple Safari en el iPhone, iPad o iPod Touch<\/a><\/li>\n<li><a title=\"Borrar el historial y las cookies en Opera\" href=\"https:\/\/help.opera.com\/es\/Windows\/11.50\/es-ES\/cookies.html\" target=\"_blank\" rel=\"noopener\">Opera<\/a><\/li>\n<li><a title=\"Gestionar cookies y datos de sitios web en Safari en el Mac\" href=\"https:\/\/support.apple.com\/es-es\/guide\/safari\/sfri11471\/mac\" target=\"_blank\" rel=\"noopener\">Safari para MAC<\/a><\/li>\n<li><a title=\"Gestionar cookies y datos de sitios web en Safari en el Mac\" href=\"https:\/\/support.microsoft.com\/es-es\/help\/4468242\/microsoft-edge-browsing-data-and-privacy-microsoft-privacy\" target=\"_blank\" rel=\"noopener\">Microsoft Edge (Windows 10)<\/a><\/li>\n<\/ul>\n<p>Tambi\u00e9n, existe la posibilidad de desactivar las cookies de Google Analytics, instalando el complemento siguiente: https:\/\/tools.google.com\/dlpage\/gaoptout\/?hl=es<\/p>\n<h2>EXENCIONES DE RESPONSABILIDAD<\/h2>\n<p>En <strong>Compass Clinic<\/strong> no nos podemos y no nos hacemos responsables del contenido, ni de la veracidad, ni de la actualizaci\u00f3n de las pol\u00edticas de privacidad que puedan tener los terceros mencionados en esta pol\u00edtica de cookies.<\/p>\n<p>Son los navegadores web los encargados de almacenar las cookies y, es desde estos sitios desde donde debe efectuar su derecho a eliminaci\u00f3n o desactivaci\u00f3n de las mismas, por tanto, no podemos garantizar el correcto comportamiento.<\/p>\n<h2>DERECHO A MODIFICAR LA POL\u00cdTICA DE COOKIES<\/h2>\n<p><strong>Compass Clinic<\/strong> se guarda todos los derechos a modificar su pol\u00edtica de privacidad sin el previo aviso de la misma.<\/p>\n","protected":false},"excerpt":{"rendered":"<p>Cookies policy El equipo de Compass Clinic, S.L., le quiere recordar que con el uso y navegaci\u00f3n de esta web usted ha adquirido la condici\u00f3n de usuario y por tanto, avisamos que si prosigue su navegaci\u00f3n por este sitio web sin haber configurado los navegadores para impedir la instalaci\u00f3n de las cookies, estar\u00e1 prestando su [&hellip;]<\/p>\n","protected":false},"author":1,"featured_media":0,"parent":0,"menu_order":0,"comment_status":"closed","ping_status":"closed","template":"","meta":{"footnotes":""},"class_list":["post-9758","page","type-page","status-publish","hentry"],"yoast_head":"<!-- This site is optimized with the Yoast SEO plugin v26.2 - https:\/\/yoast.com\/wordpress\/plugins\/seo\/ -->\n<title>Cookie-Richtlinie | Compass Clinic<\/title>\n<meta name=\"robots\" content=\"index, follow, max-snippet:-1, max-image-preview:large, max-video-preview:-1\" \/>\n<link rel=\"canonical\" href=\"https:\/\/compassclinic.es\/de\/cookie-richtlinie\/\" \/>\n<meta property=\"og:locale\" content=\"de_DE\" \/>\n<meta property=\"og:type\" content=\"article\" \/>\n<meta property=\"og:title\" content=\"Cookie-Richtlinie | Compass Clinic\" \/>\n<meta property=\"og:description\" content=\"Cookies policy El equipo de Compass Clinic, S.L., le quiere recordar que con el uso y navegaci\u00f3n de esta web usted ha adquirido la condici\u00f3n de usuario y por tanto, avisamos que si prosigue su navegaci\u00f3n por este sitio web sin haber configurado los navegadores para impedir la instalaci\u00f3n de las cookies, estar\u00e1 prestando su [&hellip;]\" \/>\n<meta property=\"og:url\" content=\"https:\/\/compassclinic.es\/de\/cookie-richtlinie\/\" \/>\n<meta property=\"og:site_name\" content=\"Compass Clinic\" \/>\n<meta property=\"article:modified_time\" content=\"2025-09-16T07:15:52+00:00\" \/>\n<meta name=\"twitter:card\" content=\"summary_large_image\" \/>\n<meta name=\"twitter:label1\" content=\"Gesch\u00e4tzte Lesezeit\" \/>\n\t<meta name=\"twitter:data1\" content=\"6\u00a0Minuten\" \/>\n<script type=\"application\/ld+json\" class=\"yoast-schema-graph\">{\"@context\":\"https:\/\/schema.org\",\"@graph\":[{\"@type\":\"WebPage\",\"@id\":\"https:\/\/compassclinic.es\/de\/cookie-richtlinie\/\",\"url\":\"https:\/\/compassclinic.es\/de\/cookie-richtlinie\/\",\"name\":\"Cookie-Richtlinie | Compass Clinic\",\"isPartOf\":{\"@id\":\"https:\/\/compassclinic.es\/#website\"},\"datePublished\":\"2025-09-16T07:14:22+00:00\",\"dateModified\":\"2025-09-16T07:15:52+00:00\",\"breadcrumb\":{\"@id\":\"https:\/\/compassclinic.es\/de\/cookie-richtlinie\/#breadcrumb\"},\"inLanguage\":\"de\",\"potentialAction\":[{\"@type\":\"ReadAction\",\"target\":[\"https:\/\/compassclinic.es\/de\/cookie-richtlinie\/\"]}]},{\"@type\":\"BreadcrumbList\",\"@id\":\"https:\/\/compassclinic.es\/de\/cookie-richtlinie\/#breadcrumb\",\"itemListElement\":[{\"@type\":\"ListItem\",\"position\":1,\"name\":\"Portada\",\"item\":\"https:\/\/compassclinic.es\/de\/\"},{\"@type\":\"ListItem\",\"position\":2,\"name\":\"Cookie-Richtlinie\"}]},{\"@type\":\"WebSite\",\"@id\":\"https:\/\/compassclinic.es\/#website\",\"url\":\"https:\/\/compassclinic.es\/\",\"name\":\"Compass Clinic\",\"description\":\"\",\"potentialAction\":[{\"@type\":\"SearchAction\",\"target\":{\"@type\":\"EntryPoint\",\"urlTemplate\":\"https:\/\/compassclinic.es\/?s={search_term_string}\"},\"query-input\":{\"@type\":\"PropertyValueSpecification\",\"valueRequired\":true,\"valueName\":\"search_term_string\"}}],\"inLanguage\":\"de\"}]}<\/script>\n<!-- \/ Yoast SEO plugin. -->","yoast_head_json":{"title":"Cookie-Richtlinie | Compass Clinic","robots":{"index":"index","follow":"follow","max-snippet":"max-snippet:-1","max-image-preview":"max-image-preview:large","max-video-preview":"max-video-preview:-1"},"canonical":"https:\/\/compassclinic.es\/de\/cookie-richtlinie\/","og_locale":"de_DE","og_type":"article","og_title":"Cookie-Richtlinie | Compass Clinic","og_description":"Cookies policy El equipo de Compass Clinic, S.L., le quiere recordar que con el uso y navegaci\u00f3n de esta web usted ha adquirido la condici\u00f3n de usuario y por tanto, avisamos que si prosigue su navegaci\u00f3n por este sitio web sin haber configurado los navegadores para impedir la instalaci\u00f3n de las cookies, estar\u00e1 prestando su [&hellip;]","og_url":"https:\/\/compassclinic.es\/de\/cookie-richtlinie\/","og_site_name":"Compass Clinic","article_modified_time":"2025-09-16T07:15:52+00:00","twitter_card":"summary_large_image","twitter_misc":{"Gesch\u00e4tzte Lesezeit":"6\u00a0Minuten"},"schema":{"@context":"https:\/\/schema.org","@graph":[{"@type":"WebPage","@id":"https:\/\/compassclinic.es\/de\/cookie-richtlinie\/","url":"https:\/\/compassclinic.es\/de\/cookie-richtlinie\/","name":"Cookie-Richtlinie | Compass Clinic","isPartOf":{"@id":"https:\/\/compassclinic.es\/#website"},"datePublished":"2025-09-16T07:14:22+00:00","dateModified":"2025-09-16T07:15:52+00:00","breadcrumb":{"@id":"https:\/\/compassclinic.es\/de\/cookie-richtlinie\/#breadcrumb"},"inLanguage":"de","potentialAction":[{"@type":"ReadAction","target":["https:\/\/compassclinic.es\/de\/cookie-richtlinie\/"]}]},{"@type":"BreadcrumbList","@id":"https:\/\/compassclinic.es\/de\/cookie-richtlinie\/#breadcrumb","itemListElement":[{"@type":"ListItem","position":1,"name":"Portada","item":"https:\/\/compassclinic.es\/de\/"},{"@type":"ListItem","position":2,"name":"Cookie-Richtlinie"}]},{"@type":"WebSite","@id":"https:\/\/compassclinic.es\/#website","url":"https:\/\/compassclinic.es\/","name":"Compass Clinic","description":"","potentialAction":[{"@type":"SearchAction","target":{"@type":"EntryPoint","urlTemplate":"https:\/\/compassclinic.es\/?s={search_term_string}"},"query-input":{"@type":"PropertyValueSpecification","valueRequired":true,"valueName":"search_term_string"}}],"inLanguage":"de"}]}},"_links":{"self":[{"href":"https:\/\/compassclinic.es\/de\/wp-json\/wp\/v2\/pages\/9758","targetHints":{"allow":["GET"]}}],"collection":[{"href":"https:\/\/compassclinic.es\/de\/wp-json\/wp\/v2\/pages"}],"about":[{"href":"https:\/\/compassclinic.es\/de\/wp-json\/wp\/v2\/types\/page"}],"author":[{"embeddable":true,"href":"https:\/\/compassclinic.es\/de\/wp-json\/wp\/v2\/users\/1"}],"replies":[{"embeddable":true,"href":"https:\/\/compassclinic.es\/de\/wp-json\/wp\/v2\/comments?post=9758"}],"version-history":[{"count":3,"href":"https:\/\/compassclinic.es\/de\/wp-json\/wp\/v2\/pages\/9758\/revisions"}],"predecessor-version":[{"id":9775,"href":"https:\/\/compassclinic.es\/de\/wp-json\/wp\/v2\/pages\/9758\/revisions\/9775"}],"wp:attachment":[{"href":"https:\/\/compassclinic.es\/de\/wp-json\/wp\/v2\/media?parent=9758"}],"curies":[{"name":"wp","href":"https:\/\/api.w.org\/{rel}","templated":true}]}}