{"id":6293,"date":"2025-05-29T15:22:16","date_gmt":"2025-05-29T15:22:16","guid":{"rendered":"https:\/\/compassclinic.es\/blog\/"},"modified":"2025-09-18T07:06:30","modified_gmt":"2025-09-18T07:06:30","slug":"blog","status":"publish","type":"page","link":"https:\/\/compassclinic.es\/es\/blog\/","title":{"rendered":"Blog"},"content":{"rendered":"\t\t<div data-elementor-type=\"wp-page\" data-elementor-id=\"6293\" class=\"elementor elementor-6293 elementor-1803\" data-elementor-post-type=\"page\">\n\t\t\t\t<div class=\"elementor-element elementor-element-aa4f274 e-flex e-con-boxed e-con e-parent\" data-id=\"aa4f274\" data-element_type=\"container\">\n\t\t\t\t\t<div class=\"e-con-inner\">\n\t\t\t\t<div class=\"elementor-element elementor-element-f86f6a4 elementor-widget elementor-widget-heading\" data-id=\"f86f6a4\" data-element_type=\"widget\" data-widget_type=\"heading.default\">\n\t\t\t\t<div class=\"elementor-widget-container\">\n\t\t\t\t\t<h1 class=\"elementor-heading-title elementor-size-default\">Blog de Compass Clinic<\/h1>\t\t\t\t<\/div>\n\t\t\t\t<\/div>\n\t\t\t\t<div class=\"elementor-element elementor-element-56a091c elementor-widget elementor-widget-text-editor\" data-id=\"56a091c\" data-element_type=\"widget\" data-widget_type=\"text-editor.default\">\n\t\t\t\t<div class=\"elementor-widget-container\">\n\t\t\t\t\t\t\t\t\tExplora el blog de Compass Clinic, donde ofrecemos informaci\u00f3n m\u00e9dica actualizada, consejos de expertos y recursos para fomentar la salud y el bienestar.\t\t\t\t\t\t\t\t<\/div>\n\t\t\t\t<\/div>\n\t\t\t\t<div class=\"elementor-element elementor-element-83d52b2 elementor-grid-3 elementor-grid-tablet-2 elementor-grid-mobile-1 elementor-posts--thumbnail-top elementor-widget elementor-widget-posts\" data-id=\"83d52b2\" data-element_type=\"widget\" data-settings=\"{&quot;classic_columns&quot;:&quot;3&quot;,&quot;classic_columns_tablet&quot;:&quot;2&quot;,&quot;classic_columns_mobile&quot;:&quot;1&quot;,&quot;classic_row_gap&quot;:{&quot;unit&quot;:&quot;px&quot;,&quot;size&quot;:35,&quot;sizes&quot;:[]},&quot;classic_row_gap_tablet&quot;:{&quot;unit&quot;:&quot;px&quot;,&quot;size&quot;:&quot;&quot;,&quot;sizes&quot;:[]},&quot;classic_row_gap_mobile&quot;:{&quot;unit&quot;:&quot;px&quot;,&quot;size&quot;:&quot;&quot;,&quot;sizes&quot;:[]}}\" data-widget_type=\"posts.classic\">\n\t\t\t\t<div class=\"elementor-widget-container\">\n\t\t\t\t\t\t\t<div class=\"elementor-posts-container elementor-posts elementor-posts--skin-classic elementor-grid\">\n\t\t\t\t<article class=\"elementor-post elementor-grid-item post-6328 post type-post status-publish format-standard has-post-thumbnail hentry category-guides-es-2\">\n\t\t\t\t<a class=\"elementor-post__thumbnail__link\" href=\"https:\/\/compassclinic.es\/es\/medico-con-atencion-en-ingles-en-marbella\/\" tabindex=\"-1\" >\n\t\t\t<div class=\"elementor-post__thumbnail\"><img fetchpriority=\"high\" decoding=\"async\" width=\"650\" height=\"433\" src=\"https:\/\/compassclinic.es\/wp-content\/uploads\/2025\/04\/multidisciplinary_treatments-650x433-1.jpg\" class=\"attachment-full size-full wp-image-5980\" alt=\"\" srcset=\"https:\/\/compassclinic.es\/wp-content\/uploads\/2025\/04\/multidisciplinary_treatments-650x433-1.jpg 650w, https:\/\/compassclinic.es\/wp-content\/uploads\/2025\/04\/multidisciplinary_treatments-650x433-1-300x200.jpg 300w\" sizes=\"(max-width: 650px) 100vw, 650px\" \/><\/div>\n\t\t<\/a>\n\t\t\t\t<div class=\"elementor-post__text\">\n\t\t\t\t<h3 class=\"elementor-post__title\">\n\t\t\t<a href=\"https:\/\/compassclinic.es\/es\/medico-con-atencion-en-ingles-en-marbella\/\" >\n\t\t\t\tM\u00e9dico Con Atenci\u00f3n En Ingl\u00e9s En Marbella\t\t\t<\/a>\n\t\t<\/h3>\n\t\t\n\t\t<a class=\"elementor-post__read-more\" href=\"https:\/\/compassclinic.es\/es\/medico-con-atencion-en-ingles-en-marbella\/\" aria-label=\"Read more about M\u00e9dico Con Atenci\u00f3n En Ingl\u00e9s En Marbella\" tabindex=\"-1\" >\n\t\t\tRead More\t\t<\/a>\n\n\t\t\t\t<\/div>\n\t\t\t\t<\/article>\n\t\t\t\t<article class=\"elementor-post elementor-grid-item post-6355 post type-post status-publish format-standard has-post-thumbnail hentry category-treatments-es-2\">\n\t\t\t\t<a class=\"elementor-post__thumbnail__link\" href=\"https:\/\/compassclinic.es\/es\/colonoscopia-clave-cancer-colorrectal\/\" tabindex=\"-1\" >\n\t\t\t<div class=\"elementor-post__thumbnail\"><img decoding=\"async\" width=\"800\" height=\"600\" src=\"https:\/\/compassclinic.es\/wp-content\/uploads\/2025\/01\/Colonoscopy.jpg\" class=\"attachment-full size-full wp-image-6202\" alt=\"\" srcset=\"https:\/\/compassclinic.es\/wp-content\/uploads\/2025\/01\/Colonoscopy.jpg 800w, https:\/\/compassclinic.es\/wp-content\/uploads\/2025\/01\/Colonoscopy-300x225.jpg 300w, https:\/\/compassclinic.es\/wp-content\/uploads\/2025\/01\/Colonoscopy-768x576.jpg 768w\" sizes=\"(max-width: 800px) 100vw, 800px\" \/><\/div>\n\t\t<\/a>\n\t\t\t\t<div class=\"elementor-post__text\">\n\t\t\t\t<h3 class=\"elementor-post__title\">\n\t\t\t<a href=\"https:\/\/compassclinic.es\/es\/colonoscopia-clave-cancer-colorrectal\/\" >\n\t\t\t\tColonoscopia: Un Paso Clave En La Prevenci\u00f3n Del C\u00e1ncer De Colon\t\t\t<\/a>\n\t\t<\/h3>\n\t\t\n\t\t<a class=\"elementor-post__read-more\" href=\"https:\/\/compassclinic.es\/es\/colonoscopia-clave-cancer-colorrectal\/\" aria-label=\"Read more about Colonoscopia: Un Paso Clave En La Prevenci\u00f3n Del C\u00e1ncer De Colon\" tabindex=\"-1\" >\n\t\t\tRead More\t\t<\/a>\n\n\t\t\t\t<\/div>\n\t\t\t\t<\/article>\n\t\t\t\t<article class=\"elementor-post elementor-grid-item post-6339 post type-post status-publish format-standard has-post-thumbnail hentry category-treatments-es-2 tag-dupuytrens-disease-es-2 tag-treatment-es-2\">\n\t\t\t\t<a class=\"elementor-post__thumbnail__link\" href=\"https:\/\/compassclinic.es\/es\/enfermedad-de-dupuytren\/\" tabindex=\"-1\" >\n\t\t\t<div class=\"elementor-post__thumbnail\"><img decoding=\"async\" width=\"912\" height=\"780\" src=\"https:\/\/compassclinic.es\/wp-content\/uploads\/2024\/04\/Dupuytren-Disease.jpeg\" class=\"attachment-full size-full wp-image-6198\" alt=\"Dupuytren\" srcset=\"https:\/\/compassclinic.es\/wp-content\/uploads\/2024\/04\/Dupuytren-Disease.jpeg 912w, https:\/\/compassclinic.es\/wp-content\/uploads\/2024\/04\/Dupuytren-Disease-300x257.jpeg 300w, https:\/\/compassclinic.es\/wp-content\/uploads\/2024\/04\/Dupuytren-Disease-768x657.jpeg 768w\" sizes=\"(max-width: 912px) 100vw, 912px\" \/><\/div>\n\t\t<\/a>\n\t\t\t\t<div class=\"elementor-post__text\">\n\t\t\t\t<h3 class=\"elementor-post__title\">\n\t\t\t<a href=\"https:\/\/compassclinic.es\/es\/enfermedad-de-dupuytren\/\" >\n\t\t\t\tEnfermedad de Dupuytren\t\t\t<\/a>\n\t\t<\/h3>\n\t\t\n\t\t<a class=\"elementor-post__read-more\" href=\"https:\/\/compassclinic.es\/es\/enfermedad-de-dupuytren\/\" aria-label=\"Read more about Enfermedad de Dupuytren\" tabindex=\"-1\" >\n\t\t\tRead More\t\t<\/a>\n\n\t\t\t\t<\/div>\n\t\t\t\t<\/article>\n\t\t\t\t<article class=\"elementor-post elementor-grid-item post-6343 post type-post status-publish format-standard has-post-thumbnail hentry category-treatments-es-2 tag-carpal-tunnel-syndrome-es-2\">\n\t\t\t\t<a class=\"elementor-post__thumbnail__link\" href=\"https:\/\/compassclinic.es\/es\/sindrome-del-tunel-carpiano\/\" tabindex=\"-1\" >\n\t\t\t<div class=\"elementor-post__thumbnail\"><img loading=\"lazy\" decoding=\"async\" width=\"1600\" height=\"1067\" src=\"https:\/\/compassclinic.es\/wp-content\/uploads\/2024\/04\/Carpal-Tunnel-Syndrome.jpg\" class=\"attachment-full size-full wp-image-6196\" alt=\"Carpal Tunnel Syndrome\" srcset=\"https:\/\/compassclinic.es\/wp-content\/uploads\/2024\/04\/Carpal-Tunnel-Syndrome.jpg 1600w, https:\/\/compassclinic.es\/wp-content\/uploads\/2024\/04\/Carpal-Tunnel-Syndrome-300x200.jpg 300w, https:\/\/compassclinic.es\/wp-content\/uploads\/2024\/04\/Carpal-Tunnel-Syndrome-1024x683.jpg 1024w, https:\/\/compassclinic.es\/wp-content\/uploads\/2024\/04\/Carpal-Tunnel-Syndrome-768x512.jpg 768w, https:\/\/compassclinic.es\/wp-content\/uploads\/2024\/04\/Carpal-Tunnel-Syndrome-1536x1024.jpg 1536w\" sizes=\"(max-width: 1600px) 100vw, 1600px\" \/><\/div>\n\t\t<\/a>\n\t\t\t\t<div class=\"elementor-post__text\">\n\t\t\t\t<h3 class=\"elementor-post__title\">\n\t\t\t<a href=\"https:\/\/compassclinic.es\/es\/sindrome-del-tunel-carpiano\/\" >\n\t\t\t\tS\u00edndrome del T\u00fanel Carpiano\t\t\t<\/a>\n\t\t<\/h3>\n\t\t\n\t\t<a class=\"elementor-post__read-more\" href=\"https:\/\/compassclinic.es\/es\/sindrome-del-tunel-carpiano\/\" aria-label=\"Read more about S\u00edndrome del T\u00fanel Carpiano\" tabindex=\"-1\" >\n\t\t\tRead More\t\t<\/a>\n\n\t\t\t\t<\/div>\n\t\t\t\t<\/article>\n\t\t\t\t<article class=\"elementor-post elementor-grid-item post-6349 post type-post status-publish format-standard has-post-thumbnail hentry category-guides-es-2\">\n\t\t\t\t<a class=\"elementor-post__thumbnail__link\" href=\"https:\/\/compassclinic.es\/es\/descubriendo-las-maravillas-de-la-endoscopia-de-columna-guia-para-pacientes\/\" tabindex=\"-1\" >\n\t\t\t<div class=\"elementor-post__thumbnail\"><img loading=\"lazy\" decoding=\"async\" width=\"1900\" height=\"1069\" src=\"https:\/\/compassclinic.es\/wp-content\/uploads\/2024\/04\/Spinal-Endoscopy.jpeg\" class=\"attachment-full size-full wp-image-6188\" alt=\"Spinal Endoscopy\" srcset=\"https:\/\/compassclinic.es\/wp-content\/uploads\/2024\/04\/Spinal-Endoscopy.jpeg 1900w, https:\/\/compassclinic.es\/wp-content\/uploads\/2024\/04\/Spinal-Endoscopy-300x169.jpeg 300w, https:\/\/compassclinic.es\/wp-content\/uploads\/2024\/04\/Spinal-Endoscopy-1024x576.jpeg 1024w, https:\/\/compassclinic.es\/wp-content\/uploads\/2024\/04\/Spinal-Endoscopy-768x432.jpeg 768w, https:\/\/compassclinic.es\/wp-content\/uploads\/2024\/04\/Spinal-Endoscopy-1536x864.jpeg 1536w\" sizes=\"(max-width: 1900px) 100vw, 1900px\" \/><\/div>\n\t\t<\/a>\n\t\t\t\t<div class=\"elementor-post__text\">\n\t\t\t\t<h3 class=\"elementor-post__title\">\n\t\t\t<a href=\"https:\/\/compassclinic.es\/es\/descubriendo-las-maravillas-de-la-endoscopia-de-columna-guia-para-pacientes\/\" >\n\t\t\t\tDescubriendo las maravillas de la endoscopia de columna: gu\u00eda para pacientes\t\t\t<\/a>\n\t\t<\/h3>\n\t\t\n\t\t<a class=\"elementor-post__read-more\" href=\"https:\/\/compassclinic.es\/es\/descubriendo-las-maravillas-de-la-endoscopia-de-columna-guia-para-pacientes\/\" aria-label=\"Read more about Descubriendo las maravillas de la endoscopia de columna: gu\u00eda para pacientes\" tabindex=\"-1\" >\n\t\t\tRead More\t\t<\/a>\n\n\t\t\t\t<\/div>\n\t\t\t\t<\/article>\n\t\t\t\t<article class=\"elementor-post elementor-grid-item post-6352 post type-post status-publish format-standard has-post-thumbnail hentry category-treatments-es-2\">\n\t\t\t\t<a class=\"elementor-post__thumbnail__link\" href=\"https:\/\/compassclinic.es\/es\/55-anos-y-dolor-de-rodilla-que-hacer\/\" tabindex=\"-1\" >\n\t\t\t<div class=\"elementor-post__thumbnail\"><img loading=\"lazy\" decoding=\"async\" width=\"1600\" height=\"1067\" src=\"https:\/\/compassclinic.es\/wp-content\/uploads\/2024\/04\/Dolor-de-rodilla.jpg\" class=\"attachment-full size-full wp-image-6178\" alt=\"Dolor de rodilla\" srcset=\"https:\/\/compassclinic.es\/wp-content\/uploads\/2024\/04\/Dolor-de-rodilla.jpg 1600w, https:\/\/compassclinic.es\/wp-content\/uploads\/2024\/04\/Dolor-de-rodilla-300x200.jpg 300w, https:\/\/compassclinic.es\/wp-content\/uploads\/2024\/04\/Dolor-de-rodilla-1024x683.jpg 1024w, https:\/\/compassclinic.es\/wp-content\/uploads\/2024\/04\/Dolor-de-rodilla-768x512.jpg 768w, https:\/\/compassclinic.es\/wp-content\/uploads\/2024\/04\/Dolor-de-rodilla-1536x1024.jpg 1536w\" sizes=\"(max-width: 1600px) 100vw, 1600px\" \/><\/div>\n\t\t<\/a>\n\t\t\t\t<div class=\"elementor-post__text\">\n\t\t\t\t<h3 class=\"elementor-post__title\">\n\t\t\t<a href=\"https:\/\/compassclinic.es\/es\/55-anos-y-dolor-de-rodilla-que-hacer\/\" >\n\t\t\t\t55 a\u00f1os y dolor de rodilla, \u00bfqu\u00e9 hacer?\t\t\t<\/a>\n\t\t<\/h3>\n\t\t\n\t\t<a class=\"elementor-post__read-more\" href=\"https:\/\/compassclinic.es\/es\/55-anos-y-dolor-de-rodilla-que-hacer\/\" aria-label=\"Read more about 55 a\u00f1os y dolor de rodilla, \u00bfqu\u00e9 hacer?\" tabindex=\"-1\" >\n\t\t\tRead More\t\t<\/a>\n\n\t\t\t\t<\/div>\n\t\t\t\t<\/article>\n\t\t\t\t<\/div>\n\t\t\n\t\t\t\t\t\t<\/div>\n\t\t\t\t<\/div>\n\t\t\t\t\t<\/div>\n\t\t\t\t<\/div>\n\t\t\t\t<\/div>\n\t\t","protected":false},"excerpt":{"rendered":"<p>Blog de Compass Clinic Explora el blog de Compass Clinic, donde ofrecemos informaci\u00f3n m\u00e9dica actualizada, consejos de expertos y recursos para fomentar la salud y el bienestar.<\/p>\n","protected":false},"author":1,"featured_media":0,"parent":0,"menu_order":0,"comment_status":"closed","ping_status":"closed","template":"","meta":{"footnotes":""},"class_list":["post-6293","page","type-page","status-publish","hentry"],"yoast_head":"<!-- This site is optimized with the Yoast SEO plugin v26.2 - https:\/\/yoast.com\/wordpress\/plugins\/seo\/ -->\n<title>Blog de salud y bienestar Marbella | Compass Clinic<\/title>\n<meta name=\"description\" content=\"Descubre en nuestro blog consejos de salud, bienestar y medicina en Marbella. Informaci\u00f3n \u00fatil escrita por especialistas.\" \/>\n<meta name=\"robots\" content=\"index, follow, max-snippet:-1, max-image-preview:large, max-video-preview:-1\" \/>\n<link rel=\"canonical\" href=\"https:\/\/compassclinic.es\/es\/blog\/\" \/>\n<meta property=\"og:locale\" content=\"es_ES\" \/>\n<meta property=\"og:type\" content=\"article\" \/>\n<meta property=\"og:title\" content=\"Blog de salud y bienestar Marbella | Compass Clinic\" \/>\n<meta property=\"og:description\" content=\"Descubre en nuestro blog consejos de salud, bienestar y medicina en Marbella. Informaci\u00f3n \u00fatil escrita por especialistas.\" \/>\n<meta property=\"og:url\" content=\"https:\/\/compassclinic.es\/es\/blog\/\" \/>\n<meta property=\"og:site_name\" content=\"Compass Clinic\" \/>\n<meta property=\"article:modified_time\" content=\"2025-09-18T07:06:30+00:00\" \/>\n<meta name=\"twitter:card\" content=\"summary_large_image\" \/>\n<meta name=\"twitter:label1\" content=\"Tiempo de lectura\" \/>\n\t<meta name=\"twitter:data1\" content=\"1 minuto\" \/>\n<script type=\"application\/ld+json\" class=\"yoast-schema-graph\">{\"@context\":\"https:\/\/schema.org\",\"@graph\":[{\"@type\":\"WebPage\",\"@id\":\"https:\/\/compassclinic.es\/es\/blog\/\",\"url\":\"https:\/\/compassclinic.es\/es\/blog\/\",\"name\":\"Blog de salud y bienestar Marbella | Compass Clinic\",\"isPartOf\":{\"@id\":\"https:\/\/compassclinic.es\/#website\"},\"datePublished\":\"2025-05-29T15:22:16+00:00\",\"dateModified\":\"2025-09-18T07:06:30+00:00\",\"description\":\"Descubre en nuestro blog consejos de salud, bienestar y medicina en Marbella. Informaci\u00f3n \u00fatil escrita por especialistas.\",\"breadcrumb\":{\"@id\":\"https:\/\/compassclinic.es\/es\/blog\/#breadcrumb\"},\"inLanguage\":\"es\",\"potentialAction\":[{\"@type\":\"ReadAction\",\"target\":[\"https:\/\/compassclinic.es\/es\/blog\/\"]}]},{\"@type\":\"BreadcrumbList\",\"@id\":\"https:\/\/compassclinic.es\/es\/blog\/#breadcrumb\",\"itemListElement\":[{\"@type\":\"ListItem\",\"position\":1,\"name\":\"Portada\",\"item\":\"https:\/\/compassclinic.es\/es\/\"},{\"@type\":\"ListItem\",\"position\":2,\"name\":\"Blog\"}]},{\"@type\":\"WebSite\",\"@id\":\"https:\/\/compassclinic.es\/#website\",\"url\":\"https:\/\/compassclinic.es\/\",\"name\":\"Compass Clinic\",\"description\":\"\",\"potentialAction\":[{\"@type\":\"SearchAction\",\"target\":{\"@type\":\"EntryPoint\",\"urlTemplate\":\"https:\/\/compassclinic.es\/?s={search_term_string}\"},\"query-input\":{\"@type\":\"PropertyValueSpecification\",\"valueRequired\":true,\"valueName\":\"search_term_string\"}}],\"inLanguage\":\"es\"}]}<\/script>\n<!-- \/ Yoast SEO plugin. -->","yoast_head_json":{"title":"Blog de salud y bienestar Marbella | Compass Clinic","description":"Descubre en nuestro blog consejos de salud, bienestar y medicina en Marbella. Informaci\u00f3n \u00fatil escrita por especialistas.","robots":{"index":"index","follow":"follow","max-snippet":"max-snippet:-1","max-image-preview":"max-image-preview:large","max-video-preview":"max-video-preview:-1"},"canonical":"https:\/\/compassclinic.es\/es\/blog\/","og_locale":"es_ES","og_type":"article","og_title":"Blog de salud y bienestar Marbella | Compass Clinic","og_description":"Descubre en nuestro blog consejos de salud, bienestar y medicina en Marbella. Informaci\u00f3n \u00fatil escrita por especialistas.","og_url":"https:\/\/compassclinic.es\/es\/blog\/","og_site_name":"Compass Clinic","article_modified_time":"2025-09-18T07:06:30+00:00","twitter_card":"summary_large_image","twitter_misc":{"Tiempo de lectura":"1 minuto"},"schema":{"@context":"https:\/\/schema.org","@graph":[{"@type":"WebPage","@id":"https:\/\/compassclinic.es\/es\/blog\/","url":"https:\/\/compassclinic.es\/es\/blog\/","name":"Blog de salud y bienestar Marbella | Compass Clinic","isPartOf":{"@id":"https:\/\/compassclinic.es\/#website"},"datePublished":"2025-05-29T15:22:16+00:00","dateModified":"2025-09-18T07:06:30+00:00","description":"Descubre en nuestro blog consejos de salud, bienestar y medicina en Marbella. Informaci\u00f3n \u00fatil escrita por especialistas.","breadcrumb":{"@id":"https:\/\/compassclinic.es\/es\/blog\/#breadcrumb"},"inLanguage":"es","potentialAction":[{"@type":"ReadAction","target":["https:\/\/compassclinic.es\/es\/blog\/"]}]},{"@type":"BreadcrumbList","@id":"https:\/\/compassclinic.es\/es\/blog\/#breadcrumb","itemListElement":[{"@type":"ListItem","position":1,"name":"Portada","item":"https:\/\/compassclinic.es\/es\/"},{"@type":"ListItem","position":2,"name":"Blog"}]},{"@type":"WebSite","@id":"https:\/\/compassclinic.es\/#website","url":"https:\/\/compassclinic.es\/","name":"Compass Clinic","description":"","potentialAction":[{"@type":"SearchAction","target":{"@type":"EntryPoint","urlTemplate":"https:\/\/compassclinic.es\/?s={search_term_string}"},"query-input":{"@type":"PropertyValueSpecification","valueRequired":true,"valueName":"search_term_string"}}],"inLanguage":"es"}]}},"_links":{"self":[{"href":"https:\/\/compassclinic.es\/es\/wp-json\/wp\/v2\/pages\/6293","targetHints":{"allow":["GET"]}}],"collection":[{"href":"https:\/\/compassclinic.es\/es\/wp-json\/wp\/v2\/pages"}],"about":[{"href":"https:\/\/compassclinic.es\/es\/wp-json\/wp\/v2\/types\/page"}],"author":[{"embeddable":true,"href":"https:\/\/compassclinic.es\/es\/wp-json\/wp\/v2\/users\/1"}],"replies":[{"embeddable":true,"href":"https:\/\/compassclinic.es\/es\/wp-json\/wp\/v2\/comments?post=6293"}],"version-history":[{"count":5,"href":"https:\/\/compassclinic.es\/es\/wp-json\/wp\/v2\/pages\/6293\/revisions"}],"predecessor-version":[{"id":9855,"href":"https:\/\/compassclinic.es\/es\/wp-json\/wp\/v2\/pages\/6293\/revisions\/9855"}],"wp:attachment":[{"href":"https:\/\/compassclinic.es\/es\/wp-json\/wp\/v2\/media?parent=6293"}],"curies":[{"name":"wp","href":"https:\/\/api.w.org\/{rel}","templated":true}]}}